{"id":13000,"date":"2025-01-20T16:14:25","date_gmt":"2025-01-20T15:14:25","guid":{"rendered":"https:\/\/poleespoiravironlifa.org\/?page_id=13000"},"modified":"2025-01-21T13:58:16","modified_gmt":"2025-01-21T12:58:16","slug":"politique-de-cookies","status":"publish","type":"page","link":"https:\/\/poleespoiravironlifa.org\/?page_id=13000","title":{"rendered":"POLITIQUE DE COOKIES"},"content":{"rendered":"<p>[et_pb_section fb_built=&#8221;1&#8243; theme_builder_area=&#8221;post_content&#8221; _builder_version=&#8221;4.27.4&#8243; _module_preset=&#8221;default&#8221;][et_pb_row _builder_version=&#8221;4.27.2&#8243; _module_preset=&#8221;default&#8221; width_tablet=&#8221;&#8221; width_phone=&#8221;92%&#8221; width_last_edited=&#8221;on|phone&#8221; custom_margin=&#8221;0px||||false|false&#8221; custom_padding=&#8221;0px||||false|false&#8221; global_colors_info=&#8221;{}&#8221; theme_builder_area=&#8221;post_content&#8221;][et_pb_column type=&#8221;4_4&#8243; _builder_version=&#8221;4.24.2&#8243; _module_preset=&#8221;default&#8221; global_colors_info=&#8221;{}&#8221; theme_builder_area=&#8221;post_content&#8221;][et_pb_text _builder_version=&#8221;4.27.4&#8243; _module_preset=&#8221;default&#8221; text_font=&#8221;Arial||||||||&#8221; text_text_color=&#8221;#0c286b&#8221; text_font_size=&#8221;16px&#8221; custom_margin=&#8221;0px||10px||false|false&#8221; custom_padding=&#8221;0px||0px||false|false&#8221; hover_enabled=&#8221;0&#8243; global_colors_info=&#8221;{}&#8221; theme_builder_area=&#8221;post_content&#8221; sticky_enabled=&#8221;0&#8243;]<\/p>\n<p><strong>Derni\u00e8re mise \u00e0 jour le :<\/strong> 21 janvier 2025<\/p>\n<p>[\/et_pb_text][et_pb_text _builder_version=&#8221;4.27.4&#8243; _module_preset=&#8221;default&#8221; text_font=&#8221;Arial||||||||&#8221; text_text_color=&#8221;#0c286b&#8221; text_font_size=&#8221;16px&#8221; custom_margin=&#8221;0px||45px||false|false&#8221; custom_padding=&#8221;0px||||false|false&#8221; hover_enabled=&#8221;0&#8243; global_colors_info=&#8221;{}&#8221; theme_builder_area=&#8221;post_content&#8221; sticky_enabled=&#8221;0&#8243;]<\/p>\n<p>Bienvenue sur le site officiel du P\u00f4le Espoir de la Ligue \u00cele-de-France d&#8217;Aviron. Cette politique de cookies explique comment et pourquoi nous utilisons des cookies sur notre site internet.<\/p>\n<p>[\/et_pb_text][et_pb_heading title=&#8221;QU&#8217;EST-CE QU&#8217;UN COOKIE ?&#8221; _builder_version=&#8221;4.27.4&#8243; _module_preset=&#8221;default&#8221; title_font=&#8221;Arial|700|||||||&#8221; title_text_color=&#8221;#0c286b&#8221; title_font_size=&#8221;25px&#8221; custom_margin=&#8221;||0px||false|false&#8221; custom_padding=&#8221;||0px||false|false&#8221; hover_enabled=&#8221;0&#8243; global_colors_info=&#8221;{}&#8221; theme_builder_area=&#8221;post_content&#8221; sticky_enabled=&#8221;0&#8243;][\/et_pb_heading][et_pb_text _builder_version=&#8221;4.27.4&#8243; _module_preset=&#8221;default&#8221; text_font=&#8221;Arial||||||||&#8221; text_text_color=&#8221;#0c286b&#8221; text_font_size=&#8221;16px&#8221; custom_margin=&#8221;0px||45px||false|false&#8221; custom_padding=&#8221;0px||||false|false&#8221; hover_enabled=&#8221;0&#8243; global_colors_info=&#8221;{}&#8221; theme_builder_area=&#8221;post_content&#8221; sticky_enabled=&#8221;0&#8243;]<\/p>\n<p>Un cookie est un petit fichier texte d\u00e9pos\u00e9 sur votre appareil (ordinateur, tablette, smartphone) lorsque vous visitez un site internet. Les cookies permettent au site de reconna\u00eetre votre appareil et de m\u00e9moriser certaines informations, telles que vos pr\u00e9f\u00e9rences ou les articles que vous avez ajout\u00e9s \u00e0 votre panier.<\/p>\n<p>[\/et_pb_text][et_pb_heading title=&#8221;POURQUOI UTILISONS-NOUS DES COOKIES ?&#8221; _builder_version=&#8221;4.27.4&#8243; _module_preset=&#8221;default&#8221; title_font=&#8221;Arial|700|||||||&#8221; title_text_color=&#8221;#0c286b&#8221; title_font_size=&#8221;25px&#8221; custom_margin=&#8221;0px||0px||false|false&#8221; custom_padding=&#8221;0px||0px||false|false&#8221; hover_enabled=&#8221;0&#8243; global_colors_info=&#8221;{}&#8221; theme_builder_area=&#8221;post_content&#8221; sticky_enabled=&#8221;0&#8243;][\/et_pb_heading][et_pb_text _builder_version=&#8221;4.27.4&#8243; _module_preset=&#8221;default&#8221; text_font=&#8221;Arial||||||||&#8221; text_text_color=&#8221;#0c286b&#8221; text_font_size=&#8221;16px&#8221; custom_margin=&#8221;0px||45px||false|false&#8221; custom_padding=&#8221;0px||||false|false&#8221; hover_enabled=&#8221;0&#8243; global_colors_info=&#8221;{}&#8221; theme_builder_area=&#8221;post_content&#8221; sticky_enabled=&#8221;0&#8243;]<\/p>\n<p>Nous utilisons des cookies pour plusieurs raisons :<\/p>\n<ul>\n<li><strong>Am\u00e9liorer la performance du site :<\/strong> Les cookies nous aident \u00e0 comprendre comment notre site est utilis\u00e9 et \u00e0 am\u00e9liorer sa fonctionnalit\u00e9.<\/li>\n<li><strong>Personnalisation :<\/strong> Pour vous offrir une exp\u00e9rience plus personnalis\u00e9e, les cookies permettent de m\u00e9moriser vos pr\u00e9f\u00e9rences, comme la langue ou la r\u00e9gion.<\/li>\n<li><strong>Publicit\u00e9 :<\/strong> Nous utilisons des cookies pour afficher des publicit\u00e9s qui sont pertinentes pour vous.<\/li>\n<li><strong>Analyse :<\/strong> Pour recueillir des donn\u00e9es anonymes sur l\u2019utilisation de notre site et am\u00e9liorer nos services.<\/li>\n<\/ul>\n<p>[\/et_pb_text][et_pb_heading title=&#8221;QUELS TYPE DE COOKIES UTILISONS-NOUS ?&#8221; _builder_version=&#8221;4.27.4&#8243; _module_preset=&#8221;default&#8221; title_font=&#8221;Arial|700|||||||&#8221; title_text_color=&#8221;#0c286b&#8221; title_font_size=&#8221;25px&#8221; custom_margin=&#8221;0px||0px||false|false&#8221; custom_padding=&#8221;0px||0px||false|false&#8221; hover_enabled=&#8221;0&#8243; global_colors_info=&#8221;{}&#8221; theme_builder_area=&#8221;post_content&#8221; sticky_enabled=&#8221;0&#8243;][\/et_pb_heading][et_pb_text _builder_version=&#8221;4.27.4&#8243; _module_preset=&#8221;default&#8221; text_font=&#8221;Arial||||||||&#8221; text_text_color=&#8221;#0c286b&#8221; text_font_size=&#8221;16px&#8221; custom_margin=&#8221;0px||45px||false|false&#8221; custom_padding=&#8221;0px||||false|false&#8221; hover_enabled=&#8221;0&#8243; global_colors_info=&#8221;{}&#8221; theme_builder_area=&#8221;post_content&#8221; sticky_enabled=&#8221;0&#8243;]<\/p>\n<p>Nous utilisons diff\u00e9rents types de cookies :<\/p>\n<ul>\n<li><strong>Cookies strictement n\u00e9cessaires :<\/strong> Ces cookies sont indispensables pour naviguer sur le site et utiliser ses fonctionnalit\u00e9s.<\/li>\n<li><strong>Cookies de performance :<\/strong> Ces cookies collectent des informations anonymes sur la fa\u00e7on dont les visiteurs utilisent notre site.<\/li>\n<li><strong>Cookies de fonctionnalit\u00e9 :<\/strong> Ces cookies permettent au site de m\u00e9moriser vos choix pour vous offrir une exp\u00e9rience plus personnalis\u00e9e.<\/li>\n<li><strong>Cookies de ciblage\/publicit\u00e9 :<\/strong> Ces cookies sont utilis\u00e9s pour vous pr\u00e9senter des publicit\u00e9s pertinentes.<\/li>\n<\/ul>\n<p>[\/et_pb_text][et_pb_heading title=&#8221;GESTION DE VOS PREFERENCES EN MATIERE DE COOKIES&#8221; _builder_version=&#8221;4.27.4&#8243; _module_preset=&#8221;default&#8221; title_font=&#8221;Arial|700|||||||&#8221; title_text_color=&#8221;#0c286b&#8221; title_font_size=&#8221;25px&#8221; custom_margin=&#8221;0px||0px||false|false&#8221; custom_padding=&#8221;0px||0px||false|false&#8221; hover_enabled=&#8221;0&#8243; global_colors_info=&#8221;{}&#8221; theme_builder_area=&#8221;post_content&#8221; sticky_enabled=&#8221;0&#8243;][\/et_pb_heading][et_pb_text _builder_version=&#8221;4.27.4&#8243; _module_preset=&#8221;default&#8221; text_font=&#8221;Arial||||||||&#8221; text_text_color=&#8221;#0c286b&#8221; text_font_size=&#8221;16px&#8221; custom_margin=&#8221;0px||45px||false|false&#8221; custom_padding=&#8221;0px||||false|false&#8221; hover_enabled=&#8221;0&#8243; global_colors_info=&#8221;{}&#8221; theme_builder_area=&#8221;post_content&#8221; sticky_enabled=&#8221;0&#8243;]<\/p>\n<p>Vous pouvez g\u00e9rer vos pr\u00e9f\u00e9rences de cookies en utilisant les param\u00e8tres de votre navigateur. Vous avez la possibilit\u00e9 de refuser l\u2019installation de certains cookies ou de supprimer ceux d\u00e9j\u00e0 install\u00e9s. Toutefois, veuillez noter que le blocage de certains cookies pourrait affecter le bon fonctionnement du site.<\/p>\n<p>[\/et_pb_text][et_pb_heading title=&#8221;MODIFICATION DE NOTRE POLITIQUE DE COOKIES&#8221; _builder_version=&#8221;4.27.4&#8243; _module_preset=&#8221;default&#8221; title_font=&#8221;Arial|700|||||||&#8221; title_text_color=&#8221;#0c286b&#8221; title_font_size=&#8221;25px&#8221; custom_margin=&#8221;0px||0px||false|false&#8221; custom_padding=&#8221;0px||0px||false|false&#8221; hover_enabled=&#8221;0&#8243; global_colors_info=&#8221;{}&#8221; theme_builder_area=&#8221;post_content&#8221; sticky_enabled=&#8221;0&#8243;][\/et_pb_heading][et_pb_text _builder_version=&#8221;4.27.4&#8243; _module_preset=&#8221;default&#8221; text_font=&#8221;Arial||||||||&#8221; text_text_color=&#8221;#0c286b&#8221; text_font_size=&#8221;16px&#8221; custom_margin=&#8221;0px||45px||false|false&#8221; custom_padding=&#8221;0px||||false|false&#8221; hover_enabled=&#8221;0&#8243; global_colors_info=&#8221;{}&#8221; theme_builder_area=&#8221;post_content&#8221; sticky_enabled=&#8221;0&#8243;]<\/p>\n<p>Nous pouvons \u00eatre amen\u00e9s \u00e0 modifier cette politique de cookies de temps \u00e0 autre. Nous vous encourageons \u00e0 consulter r\u00e9guli\u00e8rement cette page pour \u00eatre inform\u00e9 des \u00e9ventuelles mises \u00e0 jour.<\/p>\n<p>[\/et_pb_text][et_pb_heading title=&#8221;CONTACTEZ-NOUS&#8221; _builder_version=&#8221;4.27.4&#8243; _module_preset=&#8221;default&#8221; title_font=&#8221;Arial|700|||||||&#8221; title_text_color=&#8221;#0c286b&#8221; title_font_size=&#8221;25px&#8221; custom_margin=&#8221;0px||0px||false|false&#8221; custom_padding=&#8221;0px||0px||false|false&#8221; hover_enabled=&#8221;0&#8243; global_colors_info=&#8221;{}&#8221; theme_builder_area=&#8221;post_content&#8221; sticky_enabled=&#8221;0&#8243;][\/et_pb_heading][et_pb_text _builder_version=&#8221;4.27.4&#8243; _module_preset=&#8221;default&#8221; text_font=&#8221;Arial||||||||&#8221; text_text_color=&#8221;#0c286b&#8221; text_font_size=&#8221;16px&#8221; custom_margin=&#8221;0px||||false|false&#8221; custom_padding=&#8221;0px||||false|false&#8221; hover_enabled=&#8221;0&#8243; global_colors_info=&#8221;{}&#8221; theme_builder_area=&#8221;post_content&#8221; sticky_enabled=&#8221;0&#8243;]<\/p>\n<p>Si vous avez des questions ou des pr\u00e9occupations concernant notre politique de cookies, veuillez nous contacter \u00e0 contact@aviron-iledefrance.org<\/p>\n<p>[\/et_pb_text][\/et_pb_column][\/et_pb_row][\/et_pb_section]<\/p>\n","protected":false},"excerpt":{"rendered":"<p>Derni\u00e8re mise \u00e0 jour le : 21 janvier 2025Bienvenue sur le site officiel du P\u00f4le Espoir de la Ligue \u00cele-de-France d&#8217;Aviron. Cette politique de cookies explique comment et pourquoi nous utilisons des cookies sur notre site internet.Un cookie est un petit fichier texte d\u00e9pos\u00e9 sur votre appareil (ordinateur, tablette, smartphone) lorsque vous visitez un site [&hellip;]<\/p>\n","protected":false},"author":1,"featured_media":0,"parent":0,"menu_order":0,"comment_status":"closed","ping_status":"closed","template":"","meta":{"_et_pb_use_builder":"on","_et_pb_old_content":"<!-- wp:divi\/placeholder \/-->","_et_gb_content_width":"","footnotes":""},"class_list":["post-13000","page","type-page","status-publish","hentry"],"_links":{"self":[{"href":"https:\/\/poleespoiravironlifa.org\/index.php?rest_route=\/wp\/v2\/pages\/13000","targetHints":{"allow":["GET"]}}],"collection":[{"href":"https:\/\/poleespoiravironlifa.org\/index.php?rest_route=\/wp\/v2\/pages"}],"about":[{"href":"https:\/\/poleespoiravironlifa.org\/index.php?rest_route=\/wp\/v2\/types\/page"}],"author":[{"embeddable":true,"href":"https:\/\/poleespoiravironlifa.org\/index.php?rest_route=\/wp\/v2\/users\/1"}],"replies":[{"embeddable":true,"href":"https:\/\/poleespoiravironlifa.org\/index.php?rest_route=%2Fwp%2Fv2%2Fcomments&post=13000"}],"version-history":[{"count":5,"href":"https:\/\/poleespoiravironlifa.org\/index.php?rest_route=\/wp\/v2\/pages\/13000\/revisions"}],"predecessor-version":[{"id":13839,"href":"https:\/\/poleespoiravironlifa.org\/index.php?rest_route=\/wp\/v2\/pages\/13000\/revisions\/13839"}],"wp:attachment":[{"href":"https:\/\/poleespoiravironlifa.org\/index.php?rest_route=%2Fwp%2Fv2%2Fmedia&parent=13000"}],"curies":[{"name":"wp","href":"https:\/\/api.w.org\/{rel}","templated":true}]}}